{"id":59,"date":"2026-02-19T13:43:53","date_gmt":"2026-02-19T13:43:53","guid":{"rendered":"https:\/\/location-bureaux-tours.com\/?page_id=59"},"modified":"2026-03-12T10:48:22","modified_gmt":"2026-03-12T10:48:22","slug":"location-bureaux-tours","status":"publish","type":"page","link":"https:\/\/location-bureaux-tours.com\/","title":{"rendered":"MyLoireOffice"},"content":{"rendered":"\n<html lang=\"fr\">\n<head>\n    <meta charset=\"UTF-8\">\n    <meta name=\"viewport\" content=\"width=device-width, initial-scale=1.0\">\n    <title>MyLoireOffice<\/title>\n    <!-- Google Fonts -->\n    <link href=\"https:\/\/fonts.googleapis.com\/css2?family=Poppins:wght@300;400;500;600;700&#038;display=swap\" rel=\"stylesheet\">\n    <link rel=\"stylesheet\" href=\"tours.css\">\n<\/head>\n<script>\ndocument.addEventListener('DOMContentLoaded', function() {\n    const logo = document.getElementById('logo');\n    if (logo) {\n        logo.addEventListener('click', function(e) {\n            e.preventDefault();\n            document.getElementById('top').scrollIntoView({\n                behavior: 'smooth'\n            });\n        });\n    }\n});\n\ndocument.addEventListener('DOMContentLoaded', function() {\n    \/\/ Pour la fl\u00e8che dans le header\n    const scrollToServices = document.querySelector('.scroll-to-services');\n    if (scrollToServices) {\n        scrollToServices.addEventListener('click', function(e) {\n            e.preventDefault();\n            const servicesSection = document.querySelector('.services');\n            if (servicesSection) {\n                servicesSection.scrollIntoView({\n                    behavior: 'smooth'\n                });\n            }\n        });\n    }\n});\n\ndocument.addEventListener('DOMContentLoaded', function() {\n    \/\/ Pour le lien \"Contact\" dans le header\n    const contactLink = document.querySelector('.scroll-to-contact');\n    if (contactLink) {\n        contactLink.addEventListener('click', function(e) {\n            e.preventDefault();\n            const contactSection = document.querySelector('.contact');\n            if (contactSection) {\n                contactSection.scrollIntoView({\n                    behavior: 'smooth'\n                });\n            }\n        });\n    }\n\n    \/\/ Pour le bouton \".btn\" (si tu en as besoin)\n    const btns = document.querySelectorAll('.btn');\n    if (btns.length > 0) {\n        btns.forEach(btn => {\n            btn.addEventListener('click', function(e) {\n                e.preventDefault();\n                const contactSection = document.querySelector('.contact');\n                if (contactSection) {\n                    contactSection.scrollIntoView({\n                        behavior: 'smooth'\n                    });\n                }\n            });\n        });\n    }\n\n    \/\/ Pour le carrousel \n    const carouselTrack = document.querySelector('.carousel-track');\n    if (carouselTrack) {\n        let isDragging = false;\n        let startX;\n        let scrollLeft;\n\n        carouselTrack.addEventListener('mousedown', (e) => {\n            isDragging = true;\n            startX = e.pageX - carouselTrack.offsetLeft;\n            scrollLeft = carouselTrack.scrollLeft;\n            carouselTrack.style.cursor = 'grabbing';\n        });\n\n        carouselTrack.addEventListener('mouseleave', () => {\n            isDragging = false;\n            carouselTrack.style.cursor = 'grab';\n        });\n\n        carouselTrack.addEventListener('mouseup', () => {\n            isDragging = false;\n            carouselTrack.style.cursor = 'grab';\n        });\n\n        carouselTrack.addEventListener('mousemove', (e) => {\n            if (!isDragging) return;\n            e.preventDefault();\n            const x = e.pageX - carouselTrack.offsetLeft;\n            const walk = (x - startX) * 2;\n            carouselTrack.scrollLeft = scrollLeft - walk;\n        });\n\n        const carouselImages = document.querySelectorAll('.carousel-track img');\n        carouselImages.forEach(img => {\n            img.addEventListener('dragstart', (e) => {\n                e.preventDefault();\n            });\n        });\n    }\n});\n\ndocument.addEventListener('DOMContentLoaded', function() {\n    const textarea = document.querySelector('.contact textarea');\n    if (textarea) {\n        textarea.addEventListener('input', function() {\n            this.style.height = 'auto'; \/\/ R\u00e9initialise la hauteur\n            this.style.height = (this.scrollHeight) + 'px'; \/\/ Ajuste la hauteur en fonction du contenu\n        });\n    }\n});\n<\/script>\n\n<body id=\"top\">\n    <!-- HEADER -->\n    <header class=\"header\">\n        <img decoding=\"async\" class=\"logotours\" src=\"http:\/\/location-bureaux-tours.com\/wp-content\/uploads\/2026\/02\/Logo-MyLoireOffice-scaled.png\" id=\"logo\">\n        <nav class=\"menu\">\n            <a href=\"#\" class=\"scroll-to-contact\">Contact<\/a>\n        <\/nav>\n    <\/header>\n\n    <!-- HERO -->\n    <section class=\"hero\">\n        <div class=\"hero-text\">\n            <h1>Louez des bureaux \u00e0 Tours !<\/h1>\n            <p>\n                Locations de postes et\/ou de salles de r\u00e9union \u00e0 la journ\u00e9e ou au mois. <br>\n                <font color=\"#1475A2\"><strong>Domiciliation possible.<\/strong><\/font>\n            <\/p>\n        <\/div>\n        <div class=\"hero-img\">\n            <img decoding=\"async\" src=\"http:\/\/location-bureaux-tours.com\/wp-content\/uploads\/2026\/02\/image-header.png\" alt=\"Bureau\">\n        <\/div>\n    <\/section>\n    <div class=\"scroll-down\">\n        <div class=\"circle-arrow scroll-to-services\">\n            <svg width=\"28\" height=\"28\" viewBox=\"0 0 24 24\" fill=\"none\">\n                <path d=\"M6 9l6 6 6-6\" stroke=\"#1475A2\" stroke-width=\"2\" stroke-linecap=\"round\"\/>\n            <\/svg>\n        <\/div>\n    <\/div>\n\n    <!-- SERVICES -->\n    <section class=\"services\">\n        <p class=\"subtitle\">Ce que nous vous proposons :<\/p>\n        <div class=\"cards\">\n            <div class=\"card\">\n                <div class=\"card-icon\">\n                    <img decoding=\"async\" src=\"http:\/\/location-bureaux-tours.com\/wp-content\/uploads\/2026\/02\/bureaux.png\" alt=\"Bureaux\">\n                <\/div>\n                <h3>Bureaux<\/h3>\n                <p>Acc\u00e8s \u00e0 des postes de travail ergonomiques et confortables.<\/p>\n            <\/div>\n            <div class=\"card\">\n                <div class=\"card-icon\">\n                    <img decoding=\"async\" src=\"http:\/\/location-bureaux-tours.com\/wp-content\/uploads\/2026\/02\/localisation.png\" alt=\"Localisation\">\n                <\/div>\n                <h3>Localisation<\/h3>\n                <p>Situ\u00e9s en plein c\u0153ur de Tours, proches des transports.<\/p>\n            <\/div>\n            <div class=\"card\">\n                <div class=\"card-icon\">\n                    <img decoding=\"async\" src=\"http:\/\/location-bureaux-tours.com\/wp-content\/uploads\/2026\/02\/atmosphere.png\" alt=\"Atmosph\u00e8re\">\n                <\/div>\n                <h3>Atmosph\u00e8re<\/h3>\n                <p>Ambiance chaleureuse et espaces lumineux.<\/p>\n            <\/div>\n        <\/div>\n    <\/section>\n\n    <!-- GALERIE -->\n    <section class=\"galerie\">\n        <h2><strong>Notre galerie<\/strong><\/h2>\n        <p>D\u00e9couvrez les espaces \u00e0 louer<\/p>\n        <div class=\"carousel\">\n            <div class=\"carousel-track\">\n                <img decoding=\"async\" src=\"http:\/\/location-bureaux-tours.com\/wp-content\/uploads\/2026\/02\/20240704_141907.png\">\n                <img decoding=\"async\" src=\"http:\/\/location-bureaux-tours.com\/wp-content\/uploads\/2026\/02\/20240704_142440-retouchee.png\">\n                <img decoding=\"async\" src=\"http:\/\/location-bureaux-tours.com\/wp-content\/uploads\/2026\/02\/20240704_141832.png\">\n                <img decoding=\"async\" src=\"http:\/\/location-bureaux-tours.com\/wp-content\/uploads\/2026\/02\/20240704_143751.png\">\n                <img decoding=\"async\" src=\"http:\/\/location-bureaux-tours.com\/wp-content\/uploads\/2026\/02\/20240704_142759.png\">\n                <img decoding=\"async\" src=\"http:\/\/location-bureaux-tours.com\/wp-content\/uploads\/2026\/02\/20240704_142619.png\">\n                <img decoding=\"async\" src=\"http:\/\/location-bureaux-tours.com\/wp-content\/uploads\/2026\/02\/Rectangle-54.png\">\n            <\/div>\n        <\/div>\n        <a href=\"mailto:contact@conseils-plus.com\" class=\"btn\">\n            Nous contacter\n        <\/a>\n    <\/section>\n\n    <!-- NOUVELLE SECTION : POSTES ET SALLES DE R\u00c9UNION -->\n    <section class=\"services-offerts\">\n        <div class=\"services-container\">\n            <div class=\"services-left\">\n                <div class=\"service-item\">\n                    <div class=\"service-icon\">\n                        <img decoding=\"async\" src=\"http:\/\/location-bureaux-tours.com\/wp-content\/uploads\/2026\/02\/porte.png\" alt=\"Acc\u00e8s aux salles\" \/>\n                    <\/div>\n                    <div class=\"service-text\">\n                        Acc\u00e8s aux salles de r\u00e9union et de t\u00e9l\u00e9conf\u00e9rence en libre acc\u00e8s\n                    <\/div>\n                <\/div>\n                <div class=\"service-item\">\n                    <div class=\"service-icon\">\n                        <img decoding=\"async\" src=\"http:\/\/location-bureaux-tours.com\/wp-content\/uploads\/2026\/02\/verre.png\" alt=\"\u00c9v\u00e9nements\" \/>\n                    <\/div>\n                    <div class=\"service-text\">\n                        Possibilit\u00e9 de recevoir du monde y compris pour des \u00e9v\u00e9nements d&#8217;entreprise en fin de journ\u00e9e\n                    <\/div>\n                <\/div>\n                <div class=\"service-item\">\n                    <div class=\"service-icon\">\n                        <img decoding=\"async\" src=\"http:\/\/location-bureaux-tours.com\/wp-content\/uploads\/2026\/02\/maison.png\" alt=\"Domiciliation\" \/>\n                    <\/div>\n                    <div class=\"service-text\">\n                        Domiciliation possible\n                    <\/div>\n                <\/div>\n            <\/div>\n            <div class=\"services-right\">\n                <div class=\"service-card\">\n                    <img decoding=\"async\" src=\"http:\/\/location-bureaux-tours.com\/wp-content\/uploads\/2026\/02\/postes-img.png\" alt=\"Poste de travail\" class=\"service-card-image\" \/>\n                    <div class=\"service-card-content\">\n                        <h3>Postes<\/h3>\n                        <p>260\u20ac\/mois\/poste<\/p>\n                    <\/div>\n                <\/div>\n                <div class=\"service-card\">\n                    <img decoding=\"async\" src=\"http:\/\/location-bureaux-tours.com\/wp-content\/uploads\/2026\/02\/salle-de-reu-img.png\" class=\"service-card-image\" \/>\n                    <div class=\"service-card-content\">\n                        <h3>Salles de r\u00e9union<\/h3>\n                        <p>\u00e0 partir de 560\u20ac\/mois\/salle<\/p>\n                        <small>(location \u00e0 la journ\u00e9e possible)<\/small>\n                    <\/div>\n                <\/div>\n            <\/div>\n        <\/div>\n    <\/section>\n\n    <!-- AVANTAGES -->\n    <section class=\"avantages\">\n        <h2><strong>Nos avantages<\/strong><\/h2>\n        <p>Ce que vous pourrez retrouver<\/p>\n        <img loading=\"lazy\" decoding=\"async\" src=\"http:\/\/location-bureaux-tours.com\/wp-content\/uploads\/2026\/03\/avantages-tours.png\" width=\"1020\" height=\"600\">\n    <\/section>\n\n    <!-- CASIERS FERM\u00c9S -->\n    <section class=\"casiers-fermes\">\n        <div class=\"casiers-grid\">\n            <div class=\"casier-item\">\n                <div class=\"casier-icon\">\n                    <img decoding=\"async\" src=\"http:\/\/location-bureaux-tours.com\/wp-content\/uploads\/2026\/02\/poste-equipe.png\" alt=\"Poste \u00e9quip\u00e9\" \/>\n                <\/div>\n                <p>Poste tout \u00e9quip\u00e9 avec \u00e9crans<\/p>\n            <\/div>\n            <div class=\"casier-item\">\n                <div class=\"casier-icon\">\n                    <img decoding=\"async\" src=\"http:\/\/location-bureaux-tours.com\/wp-content\/uploads\/2026\/02\/salle-de-reu.png\" alt=\"Salle de r\u00e9union\" \/>\n                <\/div>\n                <p>Salle de r\u00e9union \u00e9quip\u00e9e pour la visioconf\u00e9rence<\/p>\n            <\/div>\n            <div class=\"casier-item\">\n                <div class=\"casier-icon\">\n                    <img decoding=\"async\" src=\"http:\/\/location-bureaux-tours.com\/wp-content\/uploads\/2026\/02\/cabines-individuelles.png\" alt=\"Cabines individuelles\" \/>\n                <\/div>\n                <p>Cabines individuelles pour les appels<\/p>\n            <\/div>\n            <div class=\"casier-item\">\n                <div class=\"casier-icon\">\n                    <img decoding=\"async\" src=\"http:\/\/location-bureaux-tours.com\/wp-content\/uploads\/2026\/02\/wifi.png\" alt=\"Wifi fibre\" \/>\n                <\/div>\n                <p>Wifi, fibre<\/p>\n            <\/div>\n            <div class=\"casier-item\">\n                <div class=\"casier-icon\">\n                    <img decoding=\"async\" src=\"http:\/\/location-bureaux-tours.com\/wp-content\/uploads\/2026\/02\/photocopieur.png\" alt=\"Photocopieur\" \/>\n                <\/div>\n                <p>Photocopieur<\/p>\n            <\/div>\n            <div class=\"casier-item\">\n                <div class=\"casier-icon\">\n                    <img decoding=\"async\" src=\"http:\/\/location-bureaux-tours.com\/wp-content\/uploads\/2026\/02\/scanner.png\" alt=\"Scanner\" \/>\n                <\/div>\n                <p>Scanner<\/p>\n            <\/div>\n        <\/div>\n    <\/section>\n\n    <!-- O\u00d9 NOUS TROUVER -->\n    <section class=\"ou-nous-trouver\">\n        <h2><strong>O\u00f9 nous trouver ?<\/strong><\/h2>\n        <p>41 bis boulevard Heurteloup, 37000 Tours<\/p>\n        <div class=\"map-container\">\n            <iframe src=\"https:\/\/www.google.com\/maps\/embed?pb=!1m18!1m12!1m3!1d2701.080311532513!2d0.6927526765642454!3d47.39086587117078!2m3!1f0!2f0!3f0!3m2!1i1024!2i768!4f13.1!3m3!1m2!1s0x47fcd44b2b85a5a7%3A0x47f46deb673935a7!2s41%20bis%20Bd%20Heurteloup%2C%2037000%20Tours!5e0!3m2!1sfr!2sfr!4v1772536261572!5m2!1sfr!2sfr\" width=\"600\" height=\"450\" style=\"border:0;\" allowfullscreen=\"\" loading=\"lazy\" referrerpolicy=\"no-referrer-when-downgrade\"><\/iframe>\n        <\/div>\n    <\/section>\n\n<!-- CONTACT -->\n<section class=\"contact\">\n    <h2><strong>Contact<\/strong><\/h2>\n    \n<div class=\"wpcf7 no-js\" id=\"wpcf7-f290-o1\" lang=\"en-US\" dir=\"ltr\" data-wpcf7-id=\"290\">\n<div class=\"screen-reader-response\"><p role=\"status\" aria-live=\"polite\" aria-atomic=\"true\"><\/p> <ul><\/ul><\/div>\n<form action=\"\/index.php\/wp-json\/wp\/v2\/pages\/59#wpcf7-f290-o1\" method=\"post\" class=\"wpcf7-form init\" aria-label=\"Contact form\" novalidate=\"novalidate\" data-status=\"init\">\n<fieldset class=\"hidden-fields-container\"><input type=\"hidden\" name=\"_wpcf7\" value=\"290\" \/><input type=\"hidden\" name=\"_wpcf7_version\" value=\"6.1.5\" \/><input type=\"hidden\" name=\"_wpcf7_locale\" value=\"en_US\" \/><input type=\"hidden\" name=\"_wpcf7_unit_tag\" value=\"wpcf7-f290-o1\" \/><input type=\"hidden\" name=\"_wpcf7_container_post\" value=\"0\" \/><input type=\"hidden\" name=\"_wpcf7_posted_data_hash\" value=\"\" \/>\n<\/fieldset>\n<p><label>Votre Nom *<br \/>\n<span class=\"wpcf7-form-control-wrap\" data-name=\"your-name\"><input size=\"40\" maxlength=\"400\" class=\"wpcf7-form-control wpcf7-text wpcf7-validates-as-required\" aria-required=\"true\" aria-invalid=\"false\" value=\"\" type=\"text\" name=\"your-name\" \/><\/span><\/label>\n<\/p>\n<p><label>Votre Pr\u00e9nom *<br \/>\n<span class=\"wpcf7-form-control-wrap\" data-name=\"your-lastname\"><input size=\"40\" maxlength=\"400\" class=\"wpcf7-form-control wpcf7-text wpcf7-validates-as-required\" aria-required=\"true\" aria-invalid=\"false\" value=\"\" type=\"text\" name=\"your-lastname\" \/><\/span><\/label>\n<\/p>\n<p><label>Votre Email *<br \/>\n<span class=\"wpcf7-form-control-wrap\" data-name=\"your-email\"><input size=\"40\" maxlength=\"400\" class=\"wpcf7-form-control wpcf7-email wpcf7-validates-as-required wpcf7-text wpcf7-validates-as-email\" aria-required=\"true\" aria-invalid=\"false\" value=\"\" type=\"email\" name=\"your-email\" \/><\/span><\/label>\n<\/p>\n<p><label>Votre message (optionnel)<br \/>\n<span class=\"wpcf7-form-control-wrap\" data-name=\"your-message\"><textarea cols=\"40\" rows=\"10\" maxlength=\"2000\" class=\"wpcf7-form-control wpcf7-textarea\" aria-invalid=\"false\" name=\"your-message\"><\/textarea><\/span><\/label>\n<\/p>\n<p><input class=\"wpcf7-form-control wpcf7-submit has-spinner\" type=\"submit\" value=\"Envoyer\" \/>\n<\/p><p style=\"display: none !important;\" class=\"akismet-fields-container\" data-prefix=\"_wpcf7_ak_\"><label>&#916;<textarea name=\"_wpcf7_ak_hp_textarea\" cols=\"45\" rows=\"8\" maxlength=\"100\"><\/textarea><\/label><input type=\"hidden\" id=\"ak_js_1\" name=\"_wpcf7_ak_js\" value=\"173\"\/><script>document.getElementById( \"ak_js_1\" ).setAttribute( \"value\", ( new Date() ).getTime() );<\/script><\/p><div class=\"wpcf7-response-output\" aria-hidden=\"true\"><\/div>\n<\/form>\n<\/div>\n\n<\/section>\n<\/body>\n<\/html>\n\n\n\n<p><\/p>\n","protected":false},"excerpt":{"rendered":"<p>MyLoireOffice Contact Louez des bureaux \u00e0 Tours ! Locations de postes et\/ou de salles de r\u00e9union \u00e0 la journ\u00e9e ou au mois. Domiciliation possible. Ce que nous vous proposons : Bureaux Acc\u00e8s \u00e0 des postes de travail ergonomiques et confortables. Localisation Situ\u00e9s en plein c\u0153ur de Tours, proches des transports. Atmosph\u00e8re Ambiance chaleureuse et espaces [&hellip;]<\/p>\n","protected":false},"author":3,"featured_media":0,"parent":0,"menu_order":0,"comment_status":"closed","ping_status":"closed","template":"","meta":{"footnotes":""},"class_list":["post-59","page","type-page","status-publish","hentry"],"yoast_head":"<!-- This site is optimized with the Yoast SEO plugin v27.0 - https:\/\/yoast.com\/product\/yoast-seo-wordpress\/ -->\n<title>MyLoireOffice - WordPress<\/title>\n<meta name=\"description\" content=\"Location de bureaux et espaces de travail \u00e0 Tours : bureaux \u00e9quip\u00e9s, open spaces, salles de r\u00e9union et coworking.\" \/>\n<meta name=\"robots\" content=\"index, follow, max-snippet:-1, max-image-preview:large, max-video-preview:-1\" \/>\n<link rel=\"canonical\" href=\"http:\/\/location-bureaux-tours.com\/\" \/>\n<meta property=\"og:locale\" content=\"en_US\" \/>\n<meta property=\"og:type\" content=\"article\" \/>\n<meta property=\"og:title\" content=\"MyLoireOffice - WordPress\" \/>\n<meta property=\"og:description\" content=\"Location de bureaux et espaces de travail \u00e0 Tours : bureaux \u00e9quip\u00e9s, open spaces, salles de r\u00e9union et coworking.\" \/>\n<meta property=\"og:url\" content=\"http:\/\/location-bureaux-tours.com\/\" \/>\n<meta property=\"og:site_name\" content=\"WordPress\" \/>\n<meta property=\"article:modified_time\" content=\"2026-03-12T10:48:22+00:00\" \/>\n<meta property=\"og:image\" content=\"http:\/\/location-bureaux-tours.com\/wp-content\/uploads\/2026\/02\/Logo-MyLoireOffice-scaled.png\" \/>\n<meta name=\"twitter:card\" content=\"summary_large_image\" \/>\n<meta name=\"twitter:label1\" content=\"Est. reading time\" \/>\n\t<meta name=\"twitter:data1\" content=\"6 minutes\" \/>\n<script type=\"application\/ld+json\" class=\"yoast-schema-graph\">{\"@context\":\"https:\/\/schema.org\",\"@graph\":[{\"@type\":\"WebPage\",\"@id\":\"http:\/\/location-bureaux-tours.com\/\",\"url\":\"http:\/\/location-bureaux-tours.com\/\",\"name\":\"MyLoireOffice - WordPress\",\"isPartOf\":{\"@id\":\"http:\/\/location-bureaux-tours.com\/#website\"},\"primaryImageOfPage\":{\"@id\":\"http:\/\/location-bureaux-tours.com\/#primaryimage\"},\"image\":{\"@id\":\"http:\/\/location-bureaux-tours.com\/#primaryimage\"},\"thumbnailUrl\":\"http:\/\/location-bureaux-tours.com\/wp-content\/uploads\/2026\/02\/Logo-MyLoireOffice-scaled.png\",\"datePublished\":\"2026-02-19T13:43:53+00:00\",\"dateModified\":\"2026-03-12T10:48:22+00:00\",\"description\":\"Location de bureaux et espaces de travail \u00e0 Tours : bureaux \u00e9quip\u00e9s, open spaces, salles de r\u00e9union et coworking.\",\"breadcrumb\":{\"@id\":\"http:\/\/location-bureaux-tours.com\/#breadcrumb\"},\"inLanguage\":\"en-US\",\"potentialAction\":[{\"@type\":\"ReadAction\",\"target\":[\"http:\/\/location-bureaux-tours.com\/\"]}]},{\"@type\":\"ImageObject\",\"inLanguage\":\"en-US\",\"@id\":\"http:\/\/location-bureaux-tours.com\/#primaryimage\",\"url\":\"http:\/\/location-bureaux-tours.com\/wp-content\/uploads\/2026\/02\/Logo-MyLoireOffice-scaled.png\",\"contentUrl\":\"http:\/\/location-bureaux-tours.com\/wp-content\/uploads\/2026\/02\/Logo-MyLoireOffice-scaled.png\"},{\"@type\":\"BreadcrumbList\",\"@id\":\"http:\/\/location-bureaux-tours.com\/#breadcrumb\",\"itemListElement\":[{\"@type\":\"ListItem\",\"position\":1,\"name\":\"Home\",\"item\":\"http:\/\/location-bureaux-tours.com\/\"},{\"@type\":\"ListItem\",\"position\":2,\"name\":\"MyLoireOffice\"}]},{\"@type\":\"WebSite\",\"@id\":\"http:\/\/location-bureaux-tours.com\/#website\",\"url\":\"http:\/\/location-bureaux-tours.com\/\",\"name\":\"WordPress\",\"description\":\"\",\"potentialAction\":[{\"@type\":\"SearchAction\",\"target\":{\"@type\":\"EntryPoint\",\"urlTemplate\":\"http:\/\/location-bureaux-tours.com\/?s={search_term_string}\"},\"query-input\":{\"@type\":\"PropertyValueSpecification\",\"valueRequired\":true,\"valueName\":\"search_term_string\"}}],\"inLanguage\":\"en-US\"}]}<\/script>\n<!-- \/ Yoast SEO plugin. -->","yoast_head_json":{"title":"MyLoireOffice - WordPress","description":"Location de bureaux et espaces de travail \u00e0 Tours : bureaux \u00e9quip\u00e9s, open spaces, salles de r\u00e9union et coworking.","robots":{"index":"index","follow":"follow","max-snippet":"max-snippet:-1","max-image-preview":"max-image-preview:large","max-video-preview":"max-video-preview:-1"},"canonical":"http:\/\/location-bureaux-tours.com\/","og_locale":"en_US","og_type":"article","og_title":"MyLoireOffice - WordPress","og_description":"Location de bureaux et espaces de travail \u00e0 Tours : bureaux \u00e9quip\u00e9s, open spaces, salles de r\u00e9union et coworking.","og_url":"http:\/\/location-bureaux-tours.com\/","og_site_name":"WordPress","article_modified_time":"2026-03-12T10:48:22+00:00","og_image":[{"url":"http:\/\/location-bureaux-tours.com\/wp-content\/uploads\/2026\/02\/Logo-MyLoireOffice-scaled.png","type":"","width":"","height":""}],"twitter_card":"summary_large_image","twitter_misc":{"Est. reading time":"6 minutes"},"schema":{"@context":"https:\/\/schema.org","@graph":[{"@type":"WebPage","@id":"http:\/\/location-bureaux-tours.com\/","url":"http:\/\/location-bureaux-tours.com\/","name":"MyLoireOffice - WordPress","isPartOf":{"@id":"http:\/\/location-bureaux-tours.com\/#website"},"primaryImageOfPage":{"@id":"http:\/\/location-bureaux-tours.com\/#primaryimage"},"image":{"@id":"http:\/\/location-bureaux-tours.com\/#primaryimage"},"thumbnailUrl":"http:\/\/location-bureaux-tours.com\/wp-content\/uploads\/2026\/02\/Logo-MyLoireOffice-scaled.png","datePublished":"2026-02-19T13:43:53+00:00","dateModified":"2026-03-12T10:48:22+00:00","description":"Location de bureaux et espaces de travail \u00e0 Tours : bureaux \u00e9quip\u00e9s, open spaces, salles de r\u00e9union et coworking.","breadcrumb":{"@id":"http:\/\/location-bureaux-tours.com\/#breadcrumb"},"inLanguage":"en-US","potentialAction":[{"@type":"ReadAction","target":["http:\/\/location-bureaux-tours.com\/"]}]},{"@type":"ImageObject","inLanguage":"en-US","@id":"http:\/\/location-bureaux-tours.com\/#primaryimage","url":"http:\/\/location-bureaux-tours.com\/wp-content\/uploads\/2026\/02\/Logo-MyLoireOffice-scaled.png","contentUrl":"http:\/\/location-bureaux-tours.com\/wp-content\/uploads\/2026\/02\/Logo-MyLoireOffice-scaled.png"},{"@type":"BreadcrumbList","@id":"http:\/\/location-bureaux-tours.com\/#breadcrumb","itemListElement":[{"@type":"ListItem","position":1,"name":"Home","item":"http:\/\/location-bureaux-tours.com\/"},{"@type":"ListItem","position":2,"name":"MyLoireOffice"}]},{"@type":"WebSite","@id":"http:\/\/location-bureaux-tours.com\/#website","url":"http:\/\/location-bureaux-tours.com\/","name":"WordPress","description":"","potentialAction":[{"@type":"SearchAction","target":{"@type":"EntryPoint","urlTemplate":"http:\/\/location-bureaux-tours.com\/?s={search_term_string}"},"query-input":{"@type":"PropertyValueSpecification","valueRequired":true,"valueName":"search_term_string"}}],"inLanguage":"en-US"}]}},"_links":{"self":[{"href":"https:\/\/location-bureaux-tours.com\/index.php\/wp-json\/wp\/v2\/pages\/59","targetHints":{"allow":["GET"]}}],"collection":[{"href":"https:\/\/location-bureaux-tours.com\/index.php\/wp-json\/wp\/v2\/pages"}],"about":[{"href":"https:\/\/location-bureaux-tours.com\/index.php\/wp-json\/wp\/v2\/types\/page"}],"author":[{"embeddable":true,"href":"https:\/\/location-bureaux-tours.com\/index.php\/wp-json\/wp\/v2\/users\/3"}],"replies":[{"embeddable":true,"href":"https:\/\/location-bureaux-tours.com\/index.php\/wp-json\/wp\/v2\/comments?post=59"}],"version-history":[{"count":77,"href":"https:\/\/location-bureaux-tours.com\/index.php\/wp-json\/wp\/v2\/pages\/59\/revisions"}],"predecessor-version":[{"id":320,"href":"https:\/\/location-bureaux-tours.com\/index.php\/wp-json\/wp\/v2\/pages\/59\/revisions\/320"}],"wp:attachment":[{"href":"https:\/\/location-bureaux-tours.com\/index.php\/wp-json\/wp\/v2\/media?parent=59"}],"curies":[{"name":"wp","href":"https:\/\/api.w.org\/{rel}","templated":true}]}}